{"id":1006,"date":"2021-09-18T00:57:43","date_gmt":"2021-09-18T00:57:43","guid":{"rendered":"https:\/\/d-themes.com\/wordpress\/udesign\/dummy\/corporate\/?page_id=1006"},"modified":"2024-11-12T21:24:26","modified_gmt":"2024-11-12T21:24:26","slug":"quienes-somos","status":"publish","type":"page","link":"https:\/\/cosautomacion.com\/nueva\/quienes-somos\/","title":{"rendered":"Quienes Somos"},"content":{"rendered":"\t\t<div data-elementor-type=\"wp-page\" data-elementor-id=\"1006\" class=\"elementor elementor-1006\">\n\t\t\t\t\t\t<section class=\" elementor-section elementor-top-section elementor-element elementor-element-c911778 elementor-section-boxed elementor-section-height-default elementor-section-height-default\" data-id=\"c911778\" data-element_type=\"section\" data-e-type=\"section\">\r\n\t\t\t\t\t\t\t\t<div class=\"elementor-container elementor-column-gap-default\">\r\n\t\t\t\t\r\n\t\t\t\t\t\t\t\t<div class=\" elementor-column elementor-col-100 elementor-top-column elementor-element elementor-element-a61346d \" data-id=\"a61346d\" data-element_type=\"column\" data-e-type=\"column\">\r\n\r\n\t\t\t\t\r\n\t\t\t\t<div class=\"elementor-widget-wrap elementor-element-populated\">\r\n\t\t\t\t\t\t\t\t\t\t\r\n\t\t\t\t\t\t<div class=\"elementor-element elementor-element-3539d9f elementor-invisible elementor-widget elementor-widget-heading\" data-id=\"3539d9f\" data-element_type=\"widget\" data-e-type=\"widget\" data-settings=\"{&quot;_animation&quot;:&quot;fadeInUp&quot;}\" data-widget_type=\"heading.default\">\n\t\t\t\t<div class=\"elementor-widget-container\">\n\t\t\t\t\t<h2 class=\"elementor-heading-title elementor-size-default\">COSENTINO AUTOMACI\u00d3N INDUSTRIAL<\/h2>\t\t\t\t<\/div>\n\t\t\t\t<\/div>\n\t\t\t\t<div class=\"elementor-element elementor-element-2e75b94 elementor-invisible elementor-widget elementor-widget-text-editor\" data-id=\"2e75b94\" data-element_type=\"widget\" data-e-type=\"widget\" data-settings=\"{&quot;_animation&quot;:&quot;fadeIn&quot;}\" data-widget_type=\"text-editor.default\">\n\t\t\t\t<div class=\"elementor-widget-container\">\n\t\t\t\t\t\t\t\t\t<p>Nuestra trayectoria comenz\u00f3 en 1997 cuando Cosentino C\u00e9sar, fundador y actual director, decidi\u00f3 combinar su pasi\u00f3n por la industria con una s\u00f3lida formaci\u00f3n acad\u00e9mica. Ese mismo a\u00f1o, C\u00e9sar se gradu\u00f3 como T\u00e9cnico Universitario en Sistemas Electr\u00f3nicos en el Instituto Polit\u00e9cnico Superior, dependiente de la Universidad Nacional de Rosario (U.N.R.). Su experiencia en la empresa metalmec\u00e1nica de su padre, acumulada desde una edad temprana, le permiti\u00f3 desarrollar un enfoque pr\u00e1ctico e innovador en la resoluci\u00f3n de desaf\u00edos industriales.<\/p><h4><strong>Compromiso con el Futuro<\/strong><\/h4><p>Estamos comprometidos con el futuro del sector industrial en Argentina. Continuaremos invirtiendo en tecnolog\u00eda, capacitaci\u00f3n y procesos de mejora continua para asegurar que nuestros clientes siempre reciban <strong>las mejores soluciones<\/strong>. Creemos que, a trav\u00e9s del esfuerzo conjunto y la pasi\u00f3n por la excelencia, podemos contribuir al desarrollo sostenible y al progreso de la industria nacional.<\/p><h4><strong>Equipamiento Profesional<\/strong><\/h4><p>Disponemos de una amplia variedad de equipos para satisfacer diversas necesidades operativas: Hidroelevador, Zanjadora, Retroexcavadora John Deere y otra Caterpillar con aguil\u00f3n extensible de 4,5 metros, Devanador de 3 toneladas, 2 Trailers de trabajo y traslado de hasta 4,5 toneladas, Electrofusionadora con capacidad hasta 800 mm, Obrador M\u00f3vil, 2 Pick Up doble cabina, y un cami\u00f3n Toyota Dyna modelo 1996.<\/p>\t\t\t\t\t\t\t\t<\/div>\n\t\t\t\t<\/div>\n\t\t\t\t\t\t<\/div>\r\n\t\t\t\t<\/div>\r\n\t\t\t\t\t\t\t\t<\/div>\r\n\t\t\t<\/section>\r\n\t\t\t\t\t<div class=\" elementor-section elementor-top-section elementor-element elementor-element-400302b elementor-section-boxed elementor-section-height-default elementor-section-height-default\" data-id=\"400302b\" data-element_type=\"section\" data-e-type=\"section\" data-settings=\"{&quot;background_background&quot;:&quot;classic&quot;}\">\r\n\t\t\t\t\t\t\t\t<div class=\"elementor-container elementor-column-gap-default\">\r\n\t\t\t\t\r\n\t\t\t\t\t\t\t\t<div class=\" elementor-column elementor-col-100 elementor-top-column elementor-element elementor-element-63311bd \" data-id=\"63311bd\" data-element_type=\"column\" data-e-type=\"column\">\r\n\r\n\t\t\t\t\r\n\t\t\t\t<div class=\"elementor-widget-wrap elementor-element-populated\">\r\n\t\t\t\t\t\t\t\t\t\t\r\n\t\t\t\t\t\t<div class=\"elementor-element elementor-element-695966c elementor-invisible elementor-widget elementor-widget-udesign_widget_counters\" data-id=\"695966c\" data-element_type=\"widget\" data-e-type=\"widget\" data-settings=\"{&quot;_animation&quot;:&quot;fadeIn&quot;,&quot;_animation_delay&quot;:800}\" data-widget_type=\"udesign_widget_counters.default\">\n\t\t\t\t<div class=\"elementor-widget-container\">\n\t\t\t\t\t<div class=\"counters slider-wrapper  row cols-lg-3 cols-md-3 cols-sm-2 cols-1\"  data-slider-options=\"{&quot;spaceBetween&quot;:30,&quot;pagination&quot;:true,&quot;effect&quot;:&quot;slide&quot;,&quot;slidesPerView&quot;:3,&quot;breakpoints&quot;:{&quot;2401&quot;:{&quot;slidesPerView&quot;:3},&quot;1440&quot;:{&quot;slidesPerView&quot;:3,&quot;spaceBetween&quot;:30},&quot;1200&quot;:{&quot;slidesPerView&quot;:3,&quot;spaceBetween&quot;:25},&quot;992&quot;:{&quot;slidesPerView&quot;:3,&quot;spaceBetween&quot;:20},&quot;768&quot;:{&quot;slidesPerView&quot;:3,&quot;spaceBetween&quot;:15},&quot;576&quot;:{&quot;slidesPerView&quot;:2,&quot;spaceBetween&quot;:15},&quot;0&quot;:{&quot;slidesPerView&quot;:1,&quot;spaceBetween&quot;:15}},&quot;statusClass&quot;:&quot;slider-dots-dark slider-shadow slider-overflow-hidden&quot;}\"><div class=\"grid-col\"><div class=\"counter\"><div class=\"counter-number\"><span class=\"counter-number-prefix\">+<\/span><span class=\"count-to\" data-speed=\"3000\" data-to=\"27\">0<\/span><span class=\"counter-number-suffix\"> A\u00d1OS<\/span><\/div><\/div><\/div><div class=\"grid-col\"><div class=\"counter\"><div class=\"counter-number\"><span class=\"counter-number-prefix\">+<\/span><span class=\"count-to\" data-speed=\"3000\" data-to=\"250\">0<\/span><span class=\"counter-number-suffix\"> CLIENTES<\/span><\/div><\/div><\/div><div class=\"grid-col\"><div class=\"counter\"><div class=\"counter-number\"><span class=\"counter-number-prefix\">+<\/span><span class=\"count-to\" data-speed=\"3000\" data-to=\"1300\">0<\/span><span class=\"counter-number-suffix\"> PROYECTOS<\/span><\/div><\/div><\/div><\/div>\t\t\t\t<\/div>\n\t\t\t\t<\/div>\n\t\t\t\t\t\t<\/div>\r\n\t\t\t\t<\/div>\r\n\t\t\t\t\t\t\t\t<\/div>\r\n\t\t\t<\/div>\r\n\t\t\t\t\t<section class=\" elementor-section elementor-top-section elementor-element elementor-element-d0408e3 elementor-section-boxed elementor-section-height-default elementor-section-height-default\" data-id=\"d0408e3\" data-element_type=\"section\" data-e-type=\"section\">\r\n\t\t\t\t\t\t\t\t<div class=\"elementor-container elementor-column-gap-default\">\r\n\t\t\t\t\r\n\t\t\t\t\t\t\t\t<div class=\" elementor-column elementor-col-20 elementor-top-column elementor-element elementor-element-ae7efde \" data-id=\"ae7efde\" data-element_type=\"column\" data-e-type=\"column\">\r\n\r\n\t\t\t\t\r\n\t\t\t\t<div class=\"elementor-widget-wrap elementor-element-populated\">\r\n\t\t\t\t\t\t\t\t\t\t\r\n\t\t\t\t\t\t<div class=\"elementor-element elementor-element-de5dabe elementor-view-stacked elementor-shape-circle elementor-position-block-start elementor-mobile-position-block-start elementor-invisible elementor-widget elementor-widget-icon-box\" data-id=\"de5dabe\" data-element_type=\"widget\" data-e-type=\"widget\" data-settings=\"{&quot;_animation&quot;:&quot;fadeInUp&quot;}\" data-widget_type=\"icon-box.default\">\n\t\t\t\t<div class=\"elementor-widget-container\">\n\t\t\t\t\t\t\t<div class=\"elementor-icon-box-wrapper\">\n\n\t\t\t\t\t\t<div class=\"elementor-icon-box-icon\">\n\t\t\t\t<span  class=\"elementor-icon\">\n\t\t\t\t<i aria-hidden=\"true\" class=\"  u-icon-medal\"><\/i>\t\t\t\t<\/span>\n\t\t\t<\/div>\n\t\t\t\n\t\t\t\t\t\t<div class=\"elementor-icon-box-content\">\n\n\t\t\t\t\t\t\t\t\t<h3 class=\"elementor-icon-box-title\">\n\t\t\t\t\t\t<span  >\n\t\t\t\t\t\t\tCalidad\t\t\t\t\t\t<\/span>\n\t\t\t\t\t<\/h3>\n\t\t\t\t\n\t\t\t\t\t\t\t\t\t<p class=\"elementor-icon-box-description\">\n\t\t\t\t\t\tNos comprometemos a mantener los m\u00e1s altos est\u00e1ndares de calidad en cada uno de nuestros productos y servicios, asegurando la satisfacci\u00f3n de nuestros clientes.\t\t\t\t\t<\/p>\n\t\t\t\t\n\t\t\t<\/div>\n\t\t\t\n\t\t<\/div>\n\t\t\t\t\t\t<\/div>\n\t\t\t\t<\/div>\n\t\t\t\t\t\t<\/div>\r\n\t\t\t\t<\/div>\r\n\t\t\t\t\t\t\t\t\t<div class=\" elementor-column elementor-col-20 elementor-top-column elementor-element elementor-element-72b3af2 \" data-id=\"72b3af2\" data-element_type=\"column\" data-e-type=\"column\">\r\n\r\n\t\t\t\t\r\n\t\t\t\t<div class=\"elementor-widget-wrap elementor-element-populated\">\r\n\t\t\t\t\t\t\t\t\t\t\r\n\t\t\t\t\t\t<div class=\"elementor-element elementor-element-88687f8 elementor-view-stacked elementor-shape-circle elementor-position-block-start elementor-mobile-position-block-start elementor-invisible elementor-widget elementor-widget-icon-box\" data-id=\"88687f8\" data-element_type=\"widget\" data-e-type=\"widget\" data-settings=\"{&quot;_animation&quot;:&quot;fadeInUp&quot;}\" data-widget_type=\"icon-box.default\">\n\t\t\t\t<div class=\"elementor-widget-container\">\n\t\t\t\t\t\t\t<div class=\"elementor-icon-box-wrapper\">\n\n\t\t\t\t\t\t<div class=\"elementor-icon-box-icon\">\n\t\t\t\t<span  class=\"elementor-icon\">\n\t\t\t\t<i aria-hidden=\"true\" class=\"  u-icon-lamp\"><\/i>\t\t\t\t<\/span>\n\t\t\t<\/div>\n\t\t\t\n\t\t\t\t\t\t<div class=\"elementor-icon-box-content\">\n\n\t\t\t\t\t\t\t\t\t<h3 class=\"elementor-icon-box-title\">\n\t\t\t\t\t\t<span  >\n\t\t\t\t\t\t\tInnovaci\u00f3n\t\t\t\t\t\t<\/span>\n\t\t\t\t\t<\/h3>\n\t\t\t\t\n\t\t\t\t\t\t\t\t\t<p class=\"elementor-icon-box-description\">\n\t\t\t\t\t\tNos apasiona la tecnolog\u00eda y la innovaci\u00f3n, buscando constantemente nuevas formas de mejorar nuestros procesos y productos.\t\t\t\t\t<\/p>\n\t\t\t\t\n\t\t\t<\/div>\n\t\t\t\n\t\t<\/div>\n\t\t\t\t\t\t<\/div>\n\t\t\t\t<\/div>\n\t\t\t\t\t\t<\/div>\r\n\t\t\t\t<\/div>\r\n\t\t\t\t\t\t\t\t\t<div class=\" elementor-column elementor-col-20 elementor-top-column elementor-element elementor-element-470bf8b \" data-id=\"470bf8b\" data-element_type=\"column\" data-e-type=\"column\">\r\n\r\n\t\t\t\t\r\n\t\t\t\t<div class=\"elementor-widget-wrap elementor-element-populated\">\r\n\t\t\t\t\t\t\t\t\t\t\r\n\t\t\t\t\t\t<div class=\"elementor-element elementor-element-de15161 elementor-view-stacked elementor-shape-circle elementor-position-block-start elementor-mobile-position-block-start elementor-invisible elementor-widget elementor-widget-icon-box\" data-id=\"de15161\" data-element_type=\"widget\" data-e-type=\"widget\" data-settings=\"{&quot;_animation&quot;:&quot;fadeInUp&quot;}\" data-widget_type=\"icon-box.default\">\n\t\t\t\t<div class=\"elementor-widget-container\">\n\t\t\t\t\t\t\t<div class=\"elementor-icon-box-wrapper\">\n\n\t\t\t\t\t\t<div class=\"elementor-icon-box-icon\">\n\t\t\t\t<span  class=\"elementor-icon\">\n\t\t\t\t<i aria-hidden=\"true\" class=\"  u-icon-heart4\"><\/i>\t\t\t\t<\/span>\n\t\t\t<\/div>\n\t\t\t\n\t\t\t\t\t\t<div class=\"elementor-icon-box-content\">\n\n\t\t\t\t\t\t\t\t\t<h3 class=\"elementor-icon-box-title\">\n\t\t\t\t\t\t<span  >\n\t\t\t\t\t\t\tIntegridad\t\t\t\t\t\t<\/span>\n\t\t\t\t\t<\/h3>\n\t\t\t\t\n\t\t\t\t\t\t\t\t\t<p class=\"elementor-icon-box-description\">\n\t\t\t\t\t\tCreemos en la transparencia y la honestidad como base de todas nuestras relaciones, tanto con clientes como con proveedores y colaboradores.\t\t\t\t\t<\/p>\n\t\t\t\t\n\t\t\t<\/div>\n\t\t\t\n\t\t<\/div>\n\t\t\t\t\t\t<\/div>\n\t\t\t\t<\/div>\n\t\t\t\t\t\t<\/div>\r\n\t\t\t\t<\/div>\r\n\t\t\t\t\t\t\t\t\t<div class=\" elementor-column elementor-col-20 elementor-top-column elementor-element elementor-element-026e2b3 \" data-id=\"026e2b3\" data-element_type=\"column\" data-e-type=\"column\">\r\n\r\n\t\t\t\t\r\n\t\t\t\t<div class=\"elementor-widget-wrap elementor-element-populated\">\r\n\t\t\t\t\t\t\t\t\t\t\r\n\t\t\t\t\t\t<div class=\"elementor-element elementor-element-828a51b elementor-view-stacked elementor-shape-circle elementor-position-block-start elementor-mobile-position-block-start elementor-invisible elementor-widget elementor-widget-icon-box\" data-id=\"828a51b\" data-element_type=\"widget\" data-e-type=\"widget\" data-settings=\"{&quot;_animation&quot;:&quot;fadeInUp&quot;}\" data-widget_type=\"icon-box.default\">\n\t\t\t\t<div class=\"elementor-widget-container\">\n\t\t\t\t\t\t\t<div class=\"elementor-icon-box-wrapper\">\n\n\t\t\t\t\t\t<div class=\"elementor-icon-box-icon\">\n\t\t\t\t<span  class=\"elementor-icon\">\n\t\t\t\t<i aria-hidden=\"true\" class=\"  u-icon-check3\"><\/i>\t\t\t\t<\/span>\n\t\t\t<\/div>\n\t\t\t\n\t\t\t\t\t\t<div class=\"elementor-icon-box-content\">\n\n\t\t\t\t\t\t\t\t\t<h3 class=\"elementor-icon-box-title\">\n\t\t\t\t\t\t<span  >\n\t\t\t\t\t\t\tCompromiso\t\t\t\t\t\t<\/span>\n\t\t\t\t\t<\/h3>\n\t\t\t\t\n\t\t\t\t\t\t\t\t\t<p class=\"elementor-icon-box-description\">\n\t\t\t\t\t\tNos dedicamos a cumplir con nuestras promesas y a superar las expectativas de nuestros clientes, brindando soluciones que realmente marquen la diferencia.\t\t\t\t\t<\/p>\n\t\t\t\t\n\t\t\t<\/div>\n\t\t\t\n\t\t<\/div>\n\t\t\t\t\t\t<\/div>\n\t\t\t\t<\/div>\n\t\t\t\t\t\t<\/div>\r\n\t\t\t\t<\/div>\r\n\t\t\t\t\t\t\t\t\t<div class=\" elementor-column elementor-col-20 elementor-top-column elementor-element elementor-element-bba02d4 \" data-id=\"bba02d4\" data-element_type=\"column\" data-e-type=\"column\">\r\n\r\n\t\t\t\t\r\n\t\t\t\t<div class=\"elementor-widget-wrap elementor-element-populated\">\r\n\t\t\t\t\t\t\t\t\t\t\r\n\t\t\t\t\t\t<div class=\"elementor-element elementor-element-c6516b9 elementor-view-stacked elementor-shape-circle elementor-position-block-start elementor-mobile-position-block-start elementor-invisible elementor-widget elementor-widget-icon-box\" data-id=\"c6516b9\" data-element_type=\"widget\" data-e-type=\"widget\" data-settings=\"{&quot;_animation&quot;:&quot;fadeInUp&quot;}\" data-widget_type=\"icon-box.default\">\n\t\t\t\t<div class=\"elementor-widget-container\">\n\t\t\t\t\t\t\t<div class=\"elementor-icon-box-wrapper\">\n\n\t\t\t\t\t\t<div class=\"elementor-icon-box-icon\">\n\t\t\t\t<span  class=\"elementor-icon\">\n\t\t\t\t<i aria-hidden=\"true\" class=\"  u-icon-germ\"><\/i>\t\t\t\t<\/span>\n\t\t\t<\/div>\n\t\t\t\n\t\t\t\t\t\t<div class=\"elementor-icon-box-content\">\n\n\t\t\t\t\t\t\t\t\t<h3 class=\"elementor-icon-box-title\">\n\t\t\t\t\t\t<span  >\n\t\t\t\t\t\t\tSostenibilidad\t\t\t\t\t\t<\/span>\n\t\t\t\t\t<\/h3>\n\t\t\t\t\n\t\t\t\t\t\t\t\t\t<p class=\"elementor-icon-box-description\">\n\t\t\t\t\t\tApostamos por pr\u00e1cticas industriales responsables que minimicen el impacto ambiental y promuevan un futuro m\u00e1s sostenible.\t\t\t\t\t<\/p>\n\t\t\t\t\n\t\t\t<\/div>\n\t\t\t\n\t\t<\/div>\n\t\t\t\t\t\t<\/div>\n\t\t\t\t<\/div>\n\t\t\t\t\t\t<\/div>\r\n\t\t\t\t<\/div>\r\n\t\t\t\t\t\t\t\t<\/div>\r\n\t\t\t<\/section>\r\n\t\t\t\t\t<section class=\" elementor-section elementor-top-section elementor-element elementor-element-8157132 elementor-section-boxed elementor-section-height-default elementor-section-height-default\" data-id=\"8157132\" data-element_type=\"section\" data-e-type=\"section\">\r\n\t\t\t\t\t\t\t\t<div class=\"elementor-container elementor-column-gap-default\">\r\n\t\t\t\t\r\n\t\t\t\t\t\t\t\t<div class=\" elementor-column elementor-col-50 elementor-top-column elementor-element elementor-element-dd59403 \" data-id=\"dd59403\" data-element_type=\"column\" data-e-type=\"column\">\r\n\r\n\t\t\t\t\r\n\t\t\t\t<div class=\"elementor-widget-wrap elementor-element-populated\">\r\n\t\t\t\t\t\t\t\t\t\t\r\n\t\t\t\t\t\t<div class=\"elementor-element elementor-element-72ebf31 elementor-invisible elementor-widget elementor-widget-udesign_widget_iconbox\" data-id=\"72ebf31\" data-element_type=\"widget\" data-e-type=\"widget\" data-settings=\"{&quot;_animation&quot;:&quot;fadeInUpShorter&quot;}\" data-widget_type=\"udesign_widget_iconbox.default\">\n\t\t\t\t<div class=\"elementor-widget-container\">\n\t\t\t\t\t<div class=\"icon-box position-top icon-default float\"><a class=\"link\" href=\"#\" aria-label=\"Icon Box about us\"  title=\"read more\" ><\/a><div class=\"icon-box-feature\"><i class=\"  u-icon-relaxation\"><\/i><\/div><div class=\"icon-box-content\"><h3 class=\"icon-box-title\"><a class=\"link\" href=\"#\" aria-label=\"Icon Box about us\"  title=\"read more\" >MISI\u00d3N<\/a><\/h3><p class=\"icon-box-desc\">Nuestra misi\u00f3n es ofrecer soluciones tecnol\u00f3gicas e innovadoras en una variedad de campos especializados, incluyendo Automatizaci\u00f3n, Instrumentaci\u00f3n y Control, Ingenier\u00eda Electr\u00f3nica y El\u00e9ctrica, as\u00ed como Tendidos de Servicios. Nos enfocamos en atender las necesidades de industrias de diversos sectores y en participar activamente en proyectos de ampliaci\u00f3n urbana, siempre con un firme compromiso hacia la seguridad y la protecci\u00f3n del medio ambiente.<\/p><\/div><\/div>\t\t\t\t<\/div>\n\t\t\t\t<\/div>\n\t\t\t\t\t\t<\/div>\r\n\t\t\t\t<\/div>\r\n\t\t\t\t\t\t\t\t\t<div class=\" elementor-column elementor-col-50 elementor-top-column elementor-element elementor-element-5dd8b7e \" data-id=\"5dd8b7e\" data-element_type=\"column\" data-e-type=\"column\">\r\n\r\n\t\t\t\t\r\n\t\t\t\t<div class=\"elementor-widget-wrap elementor-element-populated\">\r\n\t\t\t\t\t\t\t\t\t\t\r\n\t\t\t\t\t\t<div class=\"elementor-element elementor-element-3895055 elementor-invisible elementor-widget elementor-widget-udesign_widget_iconbox\" data-id=\"3895055\" data-element_type=\"widget\" data-e-type=\"widget\" data-settings=\"{&quot;_animation&quot;:&quot;fadeInUpShorter&quot;}\" data-widget_type=\"udesign_widget_iconbox.default\">\n\t\t\t\t<div class=\"elementor-widget-container\">\n\t\t\t\t\t<div class=\"icon-box position-top icon-default float\"><a class=\"link\" href=\"#\" aria-label=\"Icon Box about us\"  title=\"read more\" ><\/a><div class=\"icon-box-feature\"><i class=\"  u-icon-startup\"><\/i><\/div><div class=\"icon-box-content\"><h3 class=\"icon-box-title\"><a class=\"link\" href=\"#\" aria-label=\"Icon Box about us\"  title=\"read more\" >VISI\u00d3N<\/a><\/h3><p class=\"icon-box-desc\">Nuestra visi\u00f3n es ser un socio confiable y responsable, mejorando procesos productivos, condiciones de seguridad, eficiencia en el mantenimiento y uso racional de la energ\u00eda en sectores industriales. Nos comprometemos a ofrecer herramientas y conocimientos para tendidos de servicios p\u00fablicos en nuevas urbanizaciones, as\u00ed como satisfacer la demanda de sistemas de confort, seguridad, ahorro energ\u00e9tico y comunicaci\u00f3n en viviendas de vanguardia.<\/p><\/div><\/div>\t\t\t\t<\/div>\n\t\t\t\t<\/div>\n\t\t\t\t\t\t<\/div>\r\n\t\t\t\t<\/div>\r\n\t\t\t\t\t\t\t\t<\/div>\r\n\t\t\t<\/section>\r\n\t\t\t\t\t<\/div>\n\t\t","protected":false},"excerpt":{"rendered":"<p>COSENTINO AUTOMACI\u00d3N INDUSTRIAL Nuestra trayectoria comenz\u00f3 en 1997 cuando Cosentino C\u00e9sar, fundador y actual director, decidi\u00f3 combinar su pasi\u00f3n por la industria con una s\u00f3lida formaci\u00f3n acad\u00e9mica. Ese mismo a\u00f1o, C\u00e9sar se gradu\u00f3 como T\u00e9cnico Universitario en Sistemas Electr\u00f3nicos en el Instituto Polit\u00e9cnico Superior, dependiente de la Universidad Nacional de Rosario (U.N.R.). Su experiencia en [&hellip;]<\/p>\n","protected":false},"author":1,"featured_media":0,"parent":0,"menu_order":0,"comment_status":"closed","ping_status":"closed","template":"","meta":{"_joinchat":[],"footnotes":""},"class_list":["post-1006","page","type-page","status-publish","hentry"],"_links":{"self":[{"href":"https:\/\/cosautomacion.com\/nueva\/wp-json\/wp\/v2\/pages\/1006","targetHints":{"allow":["GET"]}}],"collection":[{"href":"https:\/\/cosautomacion.com\/nueva\/wp-json\/wp\/v2\/pages"}],"about":[{"href":"https:\/\/cosautomacion.com\/nueva\/wp-json\/wp\/v2\/types\/page"}],"author":[{"embeddable":true,"href":"https:\/\/cosautomacion.com\/nueva\/wp-json\/wp\/v2\/users\/1"}],"replies":[{"embeddable":true,"href":"https:\/\/cosautomacion.com\/nueva\/wp-json\/wp\/v2\/comments?post=1006"}],"version-history":[{"count":64,"href":"https:\/\/cosautomacion.com\/nueva\/wp-json\/wp\/v2\/pages\/1006\/revisions"}],"predecessor-version":[{"id":9883,"href":"https:\/\/cosautomacion.com\/nueva\/wp-json\/wp\/v2\/pages\/1006\/revisions\/9883"}],"wp:attachment":[{"href":"https:\/\/cosautomacion.com\/nueva\/wp-json\/wp\/v2\/media?parent=1006"}],"curies":[{"name":"wp","href":"https:\/\/api.w.org\/{rel}","templated":true}]}}