{"id":2478,"date":"2021-12-07T04:38:35","date_gmt":"2021-12-07T04:38:35","guid":{"rendered":"https:\/\/d-themes.com\/wordpress\/udesign\/dummy\/corporate\/?page_id=2478"},"modified":"2024-10-25T14:38:40","modified_gmt":"2024-10-25T14:38:40","slug":"automatizacion-instrumentacion-y-control","status":"publish","type":"page","link":"https:\/\/cosautomacion.com\/nueva\/automatizacion-instrumentacion-y-control\/","title":{"rendered":"Automatizaci\u00f3n \/ Instrumentaci\u00f3n y Control"},"content":{"rendered":"\t\t<div data-elementor-type=\"wp-page\" data-elementor-id=\"2478\" class=\"elementor elementor-2478\">\n\t\t\t\t\t\t<section class=\" elementor-section elementor-top-section elementor-element elementor-element-96d6ca4 elementor-section-boxed elementor-section-height-default elementor-section-height-default\" data-id=\"96d6ca4\" data-element_type=\"section\" data-e-type=\"section\">\r\n\t\t\t\t\t\t\t\t<div class=\"elementor-container elementor-column-gap-default\">\r\n\t\t\t\t\r\n\t\t\t\t\t\t\t\t<div class=\" elementor-column elementor-col-100 elementor-top-column elementor-element elementor-element-65530e6 \" data-id=\"65530e6\" data-element_type=\"column\" data-e-type=\"column\">\r\n\r\n\t\t\t\t\r\n\t\t\t\t<div class=\"elementor-widget-wrap elementor-element-populated\">\r\n\t\t\t\t\t\t\t\t\t\t\r\n\t\t\t\t\t\t<div class=\"elementor-element elementor-element-04c9838 elementor-invisible elementor-widget elementor-widget-text-editor\" data-id=\"04c9838\" data-element_type=\"widget\" data-e-type=\"widget\" data-settings=\"{&quot;_animation&quot;:&quot;fadeIn&quot;}\" data-widget_type=\"text-editor.default\">\n\t\t\t\t<div class=\"elementor-widget-container\">\n\t\t\t\t\t\t\t\t\t<p>Ofrecemos servicios de <strong>ingenier\u00eda e integraci\u00f3n llave en mano<\/strong> de sistemas de automatizaci\u00f3n y control, utilizando tecnolog\u00edas avanzadas como <strong>PLC, H.M.I, SCADA, neum\u00e1tica, hidr\u00e1ulica, telemetr\u00eda, comunicaciones y control de movimiento<\/strong>. Nuestro enfoque integral garantiza soluciones personalizadas que optimizan el rendimiento y la eficiencia de los procesos industriales.<\/p>\n<p><strong>Nuestros Servicios Incluyen:<\/strong><\/p>\n<ul>\n<li><strong>Ingenier\u00eda e Integraci\u00f3n de Sistemas:<\/strong> Desarrollamos y implementamos sistemas de automatizaci\u00f3n adaptados a las necesidades espec\u00edficas de cada cliente, asegurando una integraci\u00f3n fluida y eficiente.<\/li>\n<li><strong>Retrofitting de M\u00e1quinas Industriales:<\/strong> Modernizamos y mejoramos la funcionalidad de maquinaria existente, incorporando tecnolog\u00eda de punta para prolongar su vida \u00fatil y mejorar su rendimiento.<\/li>\n<li><strong>Ingenier\u00eda e Instrumentaci\u00f3n de Proceso:<\/strong> Proporcionamos soluciones de instrumentaci\u00f3n precisas que permiten un control efectivo de los procesos industriales, garantizando calidad y seguridad.<\/li>\n<li><strong>Reparaci\u00f3n y Reemplazo de Equipamiento Electr\u00f3nico:<\/strong> Ofrecemos servicios de reparaci\u00f3n y reemplazo de equipamiento electr\u00f3nico industrial, asegurando que sus sistemas operen sin interrupciones.<\/li>\n<\/ul>\n<p>Estamos comprometidos con la innovaci\u00f3n y la excelencia en cada proyecto, brindando soluciones que maximicen la productividad y la eficiencia de su operaci\u00f3n industrial<\/p>\t\t\t\t\t\t\t\t<\/div>\n\t\t\t\t<\/div>\n\t\t\t\t\t\t<\/div>\r\n\t\t\t\t<\/div>\r\n\t\t\t\t\t\t\t\t<\/div>\r\n\t\t\t<\/section>\r\n\t\t\t\t\t<\/div>\n\t\t","protected":false},"excerpt":{"rendered":"<p>Ofrecemos servicios de ingenier\u00eda e integraci\u00f3n llave en mano de sistemas de automatizaci\u00f3n y control, utilizando tecnolog\u00edas avanzadas como PLC, H.M.I, SCADA, neum\u00e1tica, hidr\u00e1ulica, telemetr\u00eda, comunicaciones y control de movimiento. Nuestro enfoque integral garantiza soluciones personalizadas que optimizan el rendimiento y la eficiencia de los procesos industriales. Nuestros Servicios Incluyen: Ingenier\u00eda e Integraci\u00f3n de Sistemas: [&hellip;]<\/p>\n","protected":false},"author":1,"featured_media":0,"parent":0,"menu_order":3,"comment_status":"closed","ping_status":"closed","template":"","meta":{"_joinchat":[],"footnotes":""},"class_list":["post-2478","page","type-page","status-publish","hentry"],"_links":{"self":[{"href":"https:\/\/cosautomacion.com\/nueva\/wp-json\/wp\/v2\/pages\/2478","targetHints":{"allow":["GET"]}}],"collection":[{"href":"https:\/\/cosautomacion.com\/nueva\/wp-json\/wp\/v2\/pages"}],"about":[{"href":"https:\/\/cosautomacion.com\/nueva\/wp-json\/wp\/v2\/types\/page"}],"author":[{"embeddable":true,"href":"https:\/\/cosautomacion.com\/nueva\/wp-json\/wp\/v2\/users\/1"}],"replies":[{"embeddable":true,"href":"https:\/\/cosautomacion.com\/nueva\/wp-json\/wp\/v2\/comments?post=2478"}],"version-history":[{"count":8,"href":"https:\/\/cosautomacion.com\/nueva\/wp-json\/wp\/v2\/pages\/2478\/revisions"}],"predecessor-version":[{"id":9628,"href":"https:\/\/cosautomacion.com\/nueva\/wp-json\/wp\/v2\/pages\/2478\/revisions\/9628"}],"wp:attachment":[{"href":"https:\/\/cosautomacion.com\/nueva\/wp-json\/wp\/v2\/media?parent=2478"}],"curies":[{"name":"wp","href":"https:\/\/api.w.org\/{rel}","templated":true}]}}