{"id":9633,"date":"2024-10-25T14:43:21","date_gmt":"2024-10-25T14:43:21","guid":{"rendered":"https:\/\/cosautomacion.com\/nueva\/?page_id=9633"},"modified":"2024-10-25T14:46:45","modified_gmt":"2024-10-25T14:46:45","slug":"ingenieria-electrica","status":"publish","type":"page","link":"https:\/\/cosautomacion.com\/nueva\/ingenieria-electrica\/","title":{"rendered":"Ingenier\u00eda El\u00e9ctrica"},"content":{"rendered":"\t\t<div data-elementor-type=\"wp-page\" data-elementor-id=\"9633\" class=\"elementor elementor-9633\">\n\t\t\t\t\t\t<section class=\" elementor-section elementor-top-section elementor-element elementor-element-96d6ca4 elementor-section-boxed elementor-section-height-default elementor-section-height-default\" data-id=\"96d6ca4\" data-element_type=\"section\" data-e-type=\"section\">\r\n\t\t\t\t\t\t\t\t<div class=\"elementor-container elementor-column-gap-default\">\r\n\t\t\t\t\r\n\t\t\t\t\t\t\t\t<div class=\" elementor-column elementor-col-100 elementor-top-column elementor-element elementor-element-65530e6 \" data-id=\"65530e6\" data-element_type=\"column\" data-e-type=\"column\">\r\n\r\n\t\t\t\t\r\n\t\t\t\t<div class=\"elementor-widget-wrap elementor-element-populated\">\r\n\t\t\t\t\t\t\t\t\t\t\r\n\t\t\t\t\t\t<div class=\"elementor-element elementor-element-04c9838 elementor-invisible elementor-widget elementor-widget-text-editor\" data-id=\"04c9838\" data-element_type=\"widget\" data-e-type=\"widget\" data-settings=\"{&quot;_animation&quot;:&quot;fadeIn&quot;}\" data-widget_type=\"text-editor.default\">\n\t\t\t\t<div class=\"elementor-widget-container\">\n\t\t\t\t\t\t\t\t\t<p>Ofrecemos soluciones integrales de ingenier\u00eda el\u00e9ctrica para maximizar la eficiencia y confiabilidad de sus sistemas industriales. Nuestros servicios incluyen:<\/p><ul><li><strong>Eficiencia Energ\u00e9tica:<\/strong> an\u00e1lisis de redes el\u00e9ctricas y sistemas de compensaci\u00f3n de potencia reactiva mediante racks especializados.<\/li><li><strong>Mantenimiento El\u00e9ctrico Correctivo y Preventivo:<\/strong> atenci\u00f3n a plantas de baja y media tensi\u00f3n (B.T. y M.T.), asegurando el funcionamiento \u00f3ptimo y seguro de sus instalaciones.<\/li><li><strong>Instalaci\u00f3n y Montaje El\u00e9ctrico Industrial Pesado:<\/strong> proyectos de instalaci\u00f3n robustos para satisfacer las demandas de la industria.<\/li><li><strong>Ingenier\u00eda de Dise\u00f1o y Armado de Armarios El\u00e9ctricos Industriales:<\/strong> fabricaci\u00f3n y montaje de armarios de potencia y control, adaptados a las especificaciones del proyecto.<\/li><li><strong>Identaci\u00f3n Seriadas de Cables de Potencia y Puntas de M.T.:<\/strong> marcado de cables y conexiones de media tensi\u00f3n para una gesti\u00f3n m\u00e1s eficiente y organizada.<\/li><li><strong>Proyectos de Sistemas de Protecci\u00f3n de Redes (S.P.R.):<\/strong> planificaci\u00f3n y ejecuci\u00f3n de sistemas de protecci\u00f3n el\u00e9ctrica avanzada.<\/li><li><strong>Mantenimiento de Grupos Electr\u00f3genos:<\/strong> servicios preventivos y correctivos para garantizar la disponibilidad de energ\u00eda de respaldo.<\/li><li><strong>Proyectos de Ahorro Energ\u00e9tico Industrial:<\/strong> soluciones personalizadas para la reducci\u00f3n de costos energ\u00e9ticos en instalaciones industriales.<\/li><\/ul><p>Nuestro equipo de especialistas est\u00e1 listo para brindarle asesoramiento y un servicio de alta calidad en todas las \u00e1reas de ingenier\u00eda el\u00e9ctrica industrial.<\/p>\t\t\t\t\t\t\t\t<\/div>\n\t\t\t\t<\/div>\n\t\t\t\t\t\t<\/div>\r\n\t\t\t\t<\/div>\r\n\t\t\t\t\t\t\t\t<\/div>\r\n\t\t\t<\/section>\r\n\t\t\t\t\t<\/div>\n\t\t","protected":false},"excerpt":{"rendered":"<p>Ofrecemos soluciones integrales de ingenier\u00eda el\u00e9ctrica para maximizar la eficiencia y confiabilidad de sus sistemas industriales. Nuestros servicios incluyen: Eficiencia Energ\u00e9tica: an\u00e1lisis de redes el\u00e9ctricas y sistemas de compensaci\u00f3n de potencia reactiva mediante racks especializados. Mantenimiento El\u00e9ctrico Correctivo y Preventivo: atenci\u00f3n a plantas de baja y media tensi\u00f3n (B.T. y M.T.), asegurando el funcionamiento \u00f3ptimo [&hellip;]<\/p>\n","protected":false},"author":1,"featured_media":0,"parent":0,"menu_order":3,"comment_status":"closed","ping_status":"closed","template":"","meta":{"_joinchat":[],"footnotes":""},"class_list":["post-9633","page","type-page","status-publish","hentry"],"_links":{"self":[{"href":"https:\/\/cosautomacion.com\/nueva\/wp-json\/wp\/v2\/pages\/9633","targetHints":{"allow":["GET"]}}],"collection":[{"href":"https:\/\/cosautomacion.com\/nueva\/wp-json\/wp\/v2\/pages"}],"about":[{"href":"https:\/\/cosautomacion.com\/nueva\/wp-json\/wp\/v2\/types\/page"}],"author":[{"embeddable":true,"href":"https:\/\/cosautomacion.com\/nueva\/wp-json\/wp\/v2\/users\/1"}],"replies":[{"embeddable":true,"href":"https:\/\/cosautomacion.com\/nueva\/wp-json\/wp\/v2\/comments?post=9633"}],"version-history":[{"count":4,"href":"https:\/\/cosautomacion.com\/nueva\/wp-json\/wp\/v2\/pages\/9633\/revisions"}],"predecessor-version":[{"id":9641,"href":"https:\/\/cosautomacion.com\/nueva\/wp-json\/wp\/v2\/pages\/9633\/revisions\/9641"}],"wp:attachment":[{"href":"https:\/\/cosautomacion.com\/nueva\/wp-json\/wp\/v2\/media?parent=9633"}],"curies":[{"name":"wp","href":"https:\/\/api.w.org\/{rel}","templated":true}]}}