{"id":9642,"date":"2024-10-25T14:47:44","date_gmt":"2024-10-25T14:47:44","guid":{"rendered":"https:\/\/cosautomacion.com\/nueva\/?page_id=9642"},"modified":"2024-10-25T14:48:23","modified_gmt":"2024-10-25T14:48:23","slug":"oil-gas","status":"publish","type":"page","link":"https:\/\/cosautomacion.com\/nueva\/oil-gas\/","title":{"rendered":"O\u00edl &#038; Gas"},"content":{"rendered":"\t\t<div data-elementor-type=\"wp-page\" data-elementor-id=\"9642\" class=\"elementor elementor-9642\">\n\t\t\t\t\t\t<section class=\" elementor-section elementor-top-section elementor-element elementor-element-96d6ca4 elementor-section-boxed elementor-section-height-default elementor-section-height-default\" data-id=\"96d6ca4\" data-element_type=\"section\" data-e-type=\"section\">\r\n\t\t\t\t\t\t\t\t<div class=\"elementor-container elementor-column-gap-default\">\r\n\t\t\t\t\r\n\t\t\t\t\t\t\t\t<div class=\" elementor-column elementor-col-100 elementor-top-column elementor-element elementor-element-65530e6 \" data-id=\"65530e6\" data-element_type=\"column\" data-e-type=\"column\">\r\n\r\n\t\t\t\t\r\n\t\t\t\t<div class=\"elementor-widget-wrap elementor-element-populated\">\r\n\t\t\t\t\t\t\t\t\t\t\r\n\t\t\t\t\t\t<div class=\"elementor-element elementor-element-04c9838 elementor-invisible elementor-widget elementor-widget-text-editor\" data-id=\"04c9838\" data-element_type=\"widget\" data-e-type=\"widget\" data-settings=\"{&quot;_animation&quot;:&quot;fadeIn&quot;}\" data-widget_type=\"text-editor.default\">\n\t\t\t\t<div class=\"elementor-widget-container\">\n\t\t\t\t\t\t\t\t\t<p>Proveemos un servicio integral para la industria de Oil &amp; Gas, dise\u00f1ado para optimizar el rendimiento y la seguridad en todas las operaciones. Nuestros servicios incluyen:<\/p><ul><li><strong>Ingenier\u00eda de Proceso:<\/strong> desarrollo de soluciones a medida que optimizan los procesos operativos y cumplen con los m\u00e1s altos est\u00e1ndares de la industria.<\/li><li><strong>Auditor\u00edas Generales para la Industria del Gas:<\/strong> evaluaciones exhaustivas de instalaciones y procesos para asegurar el cumplimiento normativo y la eficiencia operativa.<\/li><li><strong>Mantenimiento Correctivo y Preventivo:<\/strong> especializaci\u00f3n en estaciones y subestaciones de medici\u00f3n, regulaci\u00f3n, odorizaci\u00f3n, e inyecci\u00f3n de qu\u00edmicos, asegurando su funcionalidad y seguridad.<\/li><li><strong>Mantenimiento e Instalaci\u00f3n de Protecci\u00f3n Cat\u00f3dica:<\/strong> prevenci\u00f3n y control de la corrosi\u00f3n en equipos y estructuras para prolongar su vida \u00fatil.<\/li><li><strong>Reparaci\u00f3n y Calibraci\u00f3n de V\u00e1lvulas de Seguridad y Regulaci\u00f3n:<\/strong> servicio especializado en v\u00e1lvulas de seguridad, reguladoras y otros dispositivos cr\u00edticos para la operaci\u00f3n segura.<\/li><li><strong>Suministro de Equipamiento y Repuestos Espec\u00edficos:<\/strong> provisi\u00f3n de insumos y componentes de alta calidad para el mantenimiento y operaci\u00f3n de equipos.<\/li><li><strong>Instrumentaci\u00f3n y Control:<\/strong> implementaci\u00f3n de sistemas de monitoreo y control que optimizan la gesti\u00f3n de instalaciones y aseguran la continuidad operativa.<\/li><\/ul><p>Nuestro equipo de expertos ofrece soluciones de alto impacto, adaptadas a los requerimientos espec\u00edficos de la industria de Oil &amp; Gas, respaldando cada proyecto con conocimiento t\u00e9cnico y experiencia comprobada.<\/p>\t\t\t\t\t\t\t\t<\/div>\n\t\t\t\t<\/div>\n\t\t\t\t\t\t<\/div>\r\n\t\t\t\t<\/div>\r\n\t\t\t\t\t\t\t\t<\/div>\r\n\t\t\t<\/section>\r\n\t\t\t\t\t<\/div>\n\t\t","protected":false},"excerpt":{"rendered":"<p>Proveemos un servicio integral para la industria de Oil &amp; Gas, dise\u00f1ado para optimizar el rendimiento y la seguridad en todas las operaciones. Nuestros servicios incluyen: Ingenier\u00eda de Proceso: desarrollo de soluciones a medida que optimizan los procesos operativos y cumplen con los m\u00e1s altos est\u00e1ndares de la industria. Auditor\u00edas Generales para la Industria del [&hellip;]<\/p>\n","protected":false},"author":1,"featured_media":0,"parent":0,"menu_order":3,"comment_status":"closed","ping_status":"closed","template":"","meta":{"_joinchat":[],"footnotes":""},"class_list":["post-9642","page","type-page","status-publish","hentry"],"_links":{"self":[{"href":"https:\/\/cosautomacion.com\/nueva\/wp-json\/wp\/v2\/pages\/9642","targetHints":{"allow":["GET"]}}],"collection":[{"href":"https:\/\/cosautomacion.com\/nueva\/wp-json\/wp\/v2\/pages"}],"about":[{"href":"https:\/\/cosautomacion.com\/nueva\/wp-json\/wp\/v2\/types\/page"}],"author":[{"embeddable":true,"href":"https:\/\/cosautomacion.com\/nueva\/wp-json\/wp\/v2\/users\/1"}],"replies":[{"embeddable":true,"href":"https:\/\/cosautomacion.com\/nueva\/wp-json\/wp\/v2\/comments?post=9642"}],"version-history":[{"count":4,"href":"https:\/\/cosautomacion.com\/nueva\/wp-json\/wp\/v2\/pages\/9642\/revisions"}],"predecessor-version":[{"id":9647,"href":"https:\/\/cosautomacion.com\/nueva\/wp-json\/wp\/v2\/pages\/9642\/revisions\/9647"}],"wp:attachment":[{"href":"https:\/\/cosautomacion.com\/nueva\/wp-json\/wp\/v2\/media?parent=9642"}],"curies":[{"name":"wp","href":"https:\/\/api.w.org\/{rel}","templated":true}]}}