{"id":9648,"date":"2024-10-25T14:48:54","date_gmt":"2024-10-25T14:48:54","guid":{"rendered":"https:\/\/cosautomacion.com\/nueva\/?page_id=9648"},"modified":"2024-10-25T14:51:57","modified_gmt":"2024-10-25T14:51:57","slug":"fabricacion-propia-mecatronica","status":"publish","type":"page","link":"https:\/\/cosautomacion.com\/nueva\/fabricacion-propia-mecatronica\/","title":{"rendered":"Fabricaci\u00f3n Propia Mecatr\u00f3nica"},"content":{"rendered":"\t\t<div data-elementor-type=\"wp-page\" data-elementor-id=\"9648\" class=\"elementor elementor-9648\">\n\t\t\t\t\t\t<section class=\" elementor-section elementor-top-section elementor-element elementor-element-96d6ca4 elementor-section-boxed elementor-section-height-default elementor-section-height-default\" data-id=\"96d6ca4\" data-element_type=\"section\" data-e-type=\"section\">\r\n\t\t\t\t\t\t\t\t<div class=\"elementor-container elementor-column-gap-default\">\r\n\t\t\t\t\r\n\t\t\t\t\t\t\t\t<div class=\" elementor-column elementor-col-100 elementor-top-column elementor-element elementor-element-65530e6 \" data-id=\"65530e6\" data-element_type=\"column\" data-e-type=\"column\">\r\n\r\n\t\t\t\t\r\n\t\t\t\t<div class=\"elementor-widget-wrap elementor-element-populated\">\r\n\t\t\t\t\t\t\t\t\t\t\r\n\t\t\t\t\t\t<div class=\"elementor-element elementor-element-04c9838 elementor-invisible elementor-widget elementor-widget-text-editor\" data-id=\"04c9838\" data-element_type=\"widget\" data-e-type=\"widget\" data-settings=\"{&quot;_animation&quot;:&quot;fadeIn&quot;}\" data-widget_type=\"text-editor.default\">\n\t\t\t\t<div class=\"elementor-widget-container\">\n\t\t\t\t\t\t\t\t\t<p>Ofrecemos soluciones de fabricaci\u00f3n mecatr\u00f3nica de avanzada, con productos dise\u00f1ados para satisfacer las demandas de precisi\u00f3n y eficiencia en entornos industriales diversos. Nuestros desarrollos incluyen:<\/p><ul><li><strong>Placa Electr\u00f3nica de Telemetr\u00eda\/Telecomando v\u00eda GPRS:<\/strong> tecnolog\u00eda de monitoreo y control remoto, optimizada para aplicaciones industriales.<\/li><li><strong>Sistemas de Carga a Granel para Inyectoras de Pl\u00e1stico:<\/strong> soluciones automatizadas que aseguran la eficiencia y precisi\u00f3n en la carga de materiales.<\/li><li><strong>Dise\u00f1o Electr\u00f3nico a Medida:<\/strong> fabricaci\u00f3n de componentes electr\u00f3nicos seriados, personalizados seg\u00fan las especificaciones de cada proyecto.<\/li><li><strong>Placa de Direccionamiento y Control de 8 Canales con Rel\u00e9s de Estado S\u00f3lido:<\/strong> tecnolog\u00eda avanzada para el control y direccionamiento eficiente de m\u00faltiples canales.<\/li><li><strong>Biodiscos para Tratamiento de Agua de Efluentes:<\/strong> soluciones sostenibles para el tratamiento y purificaci\u00f3n de aguas residuales.<\/li><li><strong>Datalogger de Variables de Campo:<\/strong> sistemas de registro de datos en tiempo real, ideales para monitorear variables cr\u00edticas en campo.<\/li><\/ul><p>Nuestro equipo especializado en mecatr\u00f3nica combina innovaci\u00f3n y tecnolog\u00eda para desarrollar productos de alta calidad y durabilidad, adaptados a los retos de cada industria.<\/p>\t\t\t\t\t\t\t\t<\/div>\n\t\t\t\t<\/div>\n\t\t\t\t\t\t<\/div>\r\n\t\t\t\t<\/div>\r\n\t\t\t\t\t\t\t\t<\/div>\r\n\t\t\t<\/section>\r\n\t\t\t\t\t<\/div>\n\t\t","protected":false},"excerpt":{"rendered":"<p>Ofrecemos soluciones de fabricaci\u00f3n mecatr\u00f3nica de avanzada, con productos dise\u00f1ados para satisfacer las demandas de precisi\u00f3n y eficiencia en entornos industriales diversos. Nuestros desarrollos incluyen: Placa Electr\u00f3nica de Telemetr\u00eda\/Telecomando v\u00eda GPRS: tecnolog\u00eda de monitoreo y control remoto, optimizada para aplicaciones industriales. Sistemas de Carga a Granel para Inyectoras de Pl\u00e1stico: soluciones automatizadas que aseguran la [&hellip;]<\/p>\n","protected":false},"author":1,"featured_media":0,"parent":0,"menu_order":3,"comment_status":"closed","ping_status":"closed","template":"","meta":{"_joinchat":[],"footnotes":""},"class_list":["post-9648","page","type-page","status-publish","hentry"],"_links":{"self":[{"href":"https:\/\/cosautomacion.com\/nueva\/wp-json\/wp\/v2\/pages\/9648","targetHints":{"allow":["GET"]}}],"collection":[{"href":"https:\/\/cosautomacion.com\/nueva\/wp-json\/wp\/v2\/pages"}],"about":[{"href":"https:\/\/cosautomacion.com\/nueva\/wp-json\/wp\/v2\/types\/page"}],"author":[{"embeddable":true,"href":"https:\/\/cosautomacion.com\/nueva\/wp-json\/wp\/v2\/users\/1"}],"replies":[{"embeddable":true,"href":"https:\/\/cosautomacion.com\/nueva\/wp-json\/wp\/v2\/comments?post=9648"}],"version-history":[{"count":4,"href":"https:\/\/cosautomacion.com\/nueva\/wp-json\/wp\/v2\/pages\/9648\/revisions"}],"predecessor-version":[{"id":9653,"href":"https:\/\/cosautomacion.com\/nueva\/wp-json\/wp\/v2\/pages\/9648\/revisions\/9653"}],"wp:attachment":[{"href":"https:\/\/cosautomacion.com\/nueva\/wp-json\/wp\/v2\/media?parent=9648"}],"curies":[{"name":"wp","href":"https:\/\/api.w.org\/{rel}","templated":true}]}}