{"id":9654,"date":"2024-10-25T14:53:00","date_gmt":"2024-10-25T14:53:00","guid":{"rendered":"https:\/\/cosautomacion.com\/nueva\/?page_id=9654"},"modified":"2024-10-25T14:54:40","modified_gmt":"2024-10-25T14:54:40","slug":"tendidos-para-nuevas-urbanizaciones","status":"publish","type":"page","link":"https:\/\/cosautomacion.com\/nueva\/tendidos-para-nuevas-urbanizaciones\/","title":{"rendered":"Tendidos para Nuevas Urbanizaciones"},"content":{"rendered":"\t\t<div data-elementor-type=\"wp-page\" data-elementor-id=\"9654\" class=\"elementor elementor-9654\">\n\t\t\t\t\t\t<section class=\" elementor-section elementor-top-section elementor-element elementor-element-96d6ca4 elementor-section-boxed elementor-section-height-default elementor-section-height-default\" data-id=\"96d6ca4\" data-element_type=\"section\" data-e-type=\"section\">\r\n\t\t\t\t\t\t\t\t<div class=\"elementor-container elementor-column-gap-default\">\r\n\t\t\t\t\r\n\t\t\t\t\t\t\t\t<div class=\" elementor-column elementor-col-100 elementor-top-column elementor-element elementor-element-65530e6 \" data-id=\"65530e6\" data-element_type=\"column\" data-e-type=\"column\">\r\n\r\n\t\t\t\t\r\n\t\t\t\t<div class=\"elementor-widget-wrap elementor-element-populated\">\r\n\t\t\t\t\t\t\t\t\t\t\r\n\t\t\t\t\t\t<div class=\"elementor-element elementor-element-04c9838 elementor-invisible elementor-widget elementor-widget-text-editor\" data-id=\"04c9838\" data-element_type=\"widget\" data-e-type=\"widget\" data-settings=\"{&quot;_animation&quot;:&quot;fadeIn&quot;}\" data-widget_type=\"text-editor.default\">\n\t\t\t\t<div class=\"elementor-widget-container\">\n\t\t\t\t\t\t\t\t\t<p>Ofrecemos un servicio integral de tendido de redes de servicios para urbanizaciones nuevas, proporcionando soluciones eficientes y seguras que facilitan el desarrollo de \u00e1reas residenciales y comerciales. Nuestro servicio incluye:<\/p><ul><li><strong>Dise\u00f1o y Planificaci\u00f3n de Infraestructura:<\/strong> elaboraci\u00f3n de proyectos adaptados a las necesidades espec\u00edficas de cada urbanizaci\u00f3n, asegurando la cobertura de todos los servicios esenciales.<\/li><li><strong>Tendido de Redes El\u00e9ctricas y Alumbrado P\u00fablico:<\/strong> instalaci\u00f3n de redes de energ\u00eda y sistemas de iluminaci\u00f3n, garantizando un suministro estable y seguro.<\/li><li><strong>Redes de Agua y Saneamiento:<\/strong> ejecuci\u00f3n de sistemas de distribuci\u00f3n de agua potable y redes de saneamiento para asegurar el acceso a servicios de calidad.<\/li><li><strong>Instalaci\u00f3n de Telecomunicaciones:<\/strong> tendido de redes de telecomunicaciones para dotar a las urbanizaciones de conectividad de \u00faltima generaci\u00f3n.<\/li><li><strong>Sistemas de Gas y Energ\u00edas Renovables:<\/strong> implementaci\u00f3n de redes de distribuci\u00f3n de gas y soluciones de energ\u00edas limpias, adecuadas a los nuevos est\u00e1ndares de sostenibilidad.<\/li><\/ul><p>Nuestro equipo especializado se encarga de cada etapa del proyecto, desde la planificaci\u00f3n hasta la puesta en marcha, garantizando una instalaci\u00f3n precisa y cumpliendo con todos los est\u00e1ndares normativos y de seguridad para un entorno urbano moderno y funcional.<\/p>\t\t\t\t\t\t\t\t<\/div>\n\t\t\t\t<\/div>\n\t\t\t\t\t\t<\/div>\r\n\t\t\t\t<\/div>\r\n\t\t\t\t\t\t\t\t<\/div>\r\n\t\t\t<\/section>\r\n\t\t\t\t\t<\/div>\n\t\t","protected":false},"excerpt":{"rendered":"<p>Ofrecemos un servicio integral de tendido de redes de servicios para urbanizaciones nuevas, proporcionando soluciones eficientes y seguras que facilitan el desarrollo de \u00e1reas residenciales y comerciales. Nuestro servicio incluye: Dise\u00f1o y Planificaci\u00f3n de Infraestructura: elaboraci\u00f3n de proyectos adaptados a las necesidades espec\u00edficas de cada urbanizaci\u00f3n, asegurando la cobertura de todos los servicios esenciales. Tendido [&hellip;]<\/p>\n","protected":false},"author":1,"featured_media":0,"parent":0,"menu_order":3,"comment_status":"closed","ping_status":"closed","template":"","meta":{"_joinchat":[],"footnotes":""},"class_list":["post-9654","page","type-page","status-publish","hentry"],"_links":{"self":[{"href":"https:\/\/cosautomacion.com\/nueva\/wp-json\/wp\/v2\/pages\/9654","targetHints":{"allow":["GET"]}}],"collection":[{"href":"https:\/\/cosautomacion.com\/nueva\/wp-json\/wp\/v2\/pages"}],"about":[{"href":"https:\/\/cosautomacion.com\/nueva\/wp-json\/wp\/v2\/types\/page"}],"author":[{"embeddable":true,"href":"https:\/\/cosautomacion.com\/nueva\/wp-json\/wp\/v2\/users\/1"}],"replies":[{"embeddable":true,"href":"https:\/\/cosautomacion.com\/nueva\/wp-json\/wp\/v2\/comments?post=9654"}],"version-history":[{"count":5,"href":"https:\/\/cosautomacion.com\/nueva\/wp-json\/wp\/v2\/pages\/9654\/revisions"}],"predecessor-version":[{"id":9660,"href":"https:\/\/cosautomacion.com\/nueva\/wp-json\/wp\/v2\/pages\/9654\/revisions\/9660"}],"wp:attachment":[{"href":"https:\/\/cosautomacion.com\/nueva\/wp-json\/wp\/v2\/media?parent=9654"}],"curies":[{"name":"wp","href":"https:\/\/api.w.org\/{rel}","templated":true}]}}