{"id":9677,"date":"2024-10-25T15:20:55","date_gmt":"2024-10-25T15:20:55","guid":{"rendered":"https:\/\/cosautomacion.com\/nueva\/?page_id=9677"},"modified":"2024-10-25T17:35:06","modified_gmt":"2024-10-25T17:35:06","slug":"alianza","status":"publish","type":"page","link":"https:\/\/cosautomacion.com\/nueva\/alianza\/","title":{"rendered":"Alianza"},"content":{"rendered":"\t\t<div data-elementor-type=\"wp-page\" data-elementor-id=\"9677\" class=\"elementor elementor-9677\">\n\t\t\t\t\t\t<section class=\" elementor-section elementor-top-section elementor-element elementor-element-96d6ca4 elementor-section-boxed elementor-section-height-default elementor-section-height-default\" data-id=\"96d6ca4\" data-element_type=\"section\" data-e-type=\"section\">\r\n\t\t\t\t\t\t\t\t<div class=\"elementor-container elementor-column-gap-default\">\r\n\t\t\t\t\r\n\t\t\t\t\t\t\t\t<div class=\" elementor-column elementor-col-100 elementor-top-column elementor-element elementor-element-65530e6 \" data-id=\"65530e6\" data-element_type=\"column\" data-e-type=\"column\">\r\n\r\n\t\t\t\t\r\n\t\t\t\t<div class=\"elementor-widget-wrap elementor-element-populated\">\r\n\t\t\t\t\t\t\t\t\t\t\r\n\t\t\t\t\t\t<div class=\"elementor-element elementor-element-04c9838 elementor-invisible elementor-widget elementor-widget-text-editor\" data-id=\"04c9838\" data-element_type=\"widget\" data-e-type=\"widget\" data-settings=\"{&quot;_animation&quot;:&quot;fadeIn&quot;}\" data-widget_type=\"text-editor.default\">\n\t\t\t\t<div class=\"elementor-widget-container\">\n\t\t\t\t\t\t\t\t\t<p>En <strong>COSENTINO AUTOMACI\u00d3N INDUSTRIAL<\/strong>, contamos con alianzas estrat\u00e9gicas con l\u00edderes del sector. Estas colaboraciones nos permiten ofrecer soluciones de automatizaci\u00f3n industrial de alta calidad, con acceso a tecnolog\u00eda de punta y soporte especializado. As\u00ed, brindamos a nuestros clientes un servicio eficiente y adaptado a sus necesidades para optimizar sus procesos y mejorar su competitividad.<\/p>\t\t\t\t\t\t\t\t<\/div>\n\t\t\t\t<\/div>\n\t\t\t\t\t\t<\/div>\r\n\t\t\t\t<\/div>\r\n\t\t\t\t\t\t\t\t<\/div>\r\n\t\t\t<\/section>\r\n\t\t\t\t\t<section class=\" elementor-section elementor-top-section elementor-element elementor-element-b86ea12 elementor-section-boxed elementor-section-height-default elementor-section-height-default\" data-id=\"b86ea12\" data-element_type=\"section\" data-e-type=\"section\">\r\n\t\t\t\t\t\t\t\t<div class=\"elementor-container elementor-column-gap-default\">\r\n\t\t\t\t\r\n\t\t\t\t\t\t\t\t<div class=\" elementor-column elementor-col-33 elementor-top-column elementor-element elementor-element-844b84d \" data-id=\"844b84d\" data-element_type=\"column\" data-e-type=\"column\">\r\n\r\n\t\t\t\t\r\n\t\t\t\t<div class=\"elementor-widget-wrap elementor-element-populated\">\r\n\t\t\t\t\t\t\t\t\t\t\r\n\t\t\t\t\t\t<div class=\"elementor-element elementor-element-91af4e4 elementor-widget elementor-widget-image\" data-id=\"91af4e4\" data-element_type=\"widget\" data-e-type=\"widget\" data-widget_type=\"image.default\">\n\t\t\t\t<div class=\"elementor-widget-container\">\n\t\t\t\t\t\t\t\t\t\t\t\t\t\t\t\t<a href=\"https:\/\/argelec.com.ar\/\" target=\"_blank\">\n\t\t\t\t\t\t\t<img fetchpriority=\"high\" decoding=\"async\" width=\"760\" height=\"263\" src=\"https:\/\/cosautomacion.com\/nueva\/wp-content\/uploads\/2024\/10\/Argelec.png\" class=\"attachment-large size-large wp-image-9685\" alt=\"Argelec\" \/>\t\t\t\t\t\t\t\t<\/a>\n\t\t\t\t\t\t\t\t\t\t\t\t\t\t\t<\/div>\n\t\t\t\t<\/div>\n\t\t\t\t<div class=\"elementor-element elementor-element-c065e85 elementor-widget elementor-widget-text-editor\" data-id=\"c065e85\" data-element_type=\"widget\" data-e-type=\"widget\" data-widget_type=\"text-editor.default\">\n\t\t\t\t<div class=\"elementor-widget-container\">\n\t\t\t\t\t\t\t\t\t<p>Proveedora l\u00edder de insumos el\u00e9ctricos y de automatizaci\u00f3n industrial desde el a\u00f1o 1956 a un costo altamente competitivo en el rubro.<\/p>\t\t\t\t\t\t\t\t<\/div>\n\t\t\t\t<\/div>\n\t\t\t\t\t\t<\/div>\r\n\t\t\t\t<\/div>\r\n\t\t\t\t\t\t\t\t\t<div class=\" elementor-column elementor-col-33 elementor-top-column elementor-element elementor-element-fdcb27c \" data-id=\"fdcb27c\" data-element_type=\"column\" data-e-type=\"column\">\r\n\r\n\t\t\t\t\r\n\t\t\t\t<div class=\"elementor-widget-wrap elementor-element-populated\">\r\n\t\t\t\t\t\t\t\t\t\t\r\n\t\t\t\t\t\t<div class=\"elementor-element elementor-element-250457b elementor-widget elementor-widget-image\" data-id=\"250457b\" data-element_type=\"widget\" data-e-type=\"widget\" data-widget_type=\"image.default\">\n\t\t\t\t<div class=\"elementor-widget-container\">\n\t\t\t\t\t\t\t\t\t\t\t\t\t\t\t\t<a href=\"http:\/\/www.digilogic.com.ar\/\" target=\"_blank\">\n\t\t\t\t\t\t\t<img decoding=\"async\" width=\"760\" height=\"263\" src=\"https:\/\/cosautomacion.com\/nueva\/wp-content\/uploads\/2024\/10\/Digilogic.png\" class=\"attachment-large size-large wp-image-9686\" alt=\"Digilogic\" \/>\t\t\t\t\t\t\t\t<\/a>\n\t\t\t\t\t\t\t\t\t\t\t\t\t\t\t<\/div>\n\t\t\t\t<\/div>\n\t\t\t\t<div class=\"elementor-element elementor-element-67d44c7 elementor-widget elementor-widget-text-editor\" data-id=\"67d44c7\" data-element_type=\"widget\" data-e-type=\"widget\" data-widget_type=\"text-editor.default\">\n\t\t\t\t<div class=\"elementor-widget-container\">\n\t\t\t\t\t\t\t\t\t<p>Ingenier\u00eda electr\u00f3nica. Empresa altamente tecnol\u00f3gica y con el know how necesario para la realizaci\u00f3n de proyectos Electr\u00f3nicos.<\/p>\t\t\t\t\t\t\t\t<\/div>\n\t\t\t\t<\/div>\n\t\t\t\t\t\t<\/div>\r\n\t\t\t\t<\/div>\r\n\t\t\t\t\t\t\t\t\t<div class=\" elementor-column elementor-col-33 elementor-top-column elementor-element elementor-element-25717cf \" data-id=\"25717cf\" data-element_type=\"column\" data-e-type=\"column\">\r\n\r\n\t\t\t\t\r\n\t\t\t\t<div class=\"elementor-widget-wrap elementor-element-populated\">\r\n\t\t\t\t\t\t\t\t\t\t\r\n\t\t\t\t\t\t<div class=\"elementor-element elementor-element-daa7068 elementor-widget elementor-widget-image\" data-id=\"daa7068\" data-element_type=\"widget\" data-e-type=\"widget\" data-widget_type=\"image.default\">\n\t\t\t\t<div class=\"elementor-widget-container\">\n\t\t\t\t\t\t\t\t\t\t\t\t\t\t\t<img decoding=\"async\" width=\"760\" height=\"263\" src=\"https:\/\/cosautomacion.com\/nueva\/wp-content\/uploads\/2024\/10\/Ser.png\" class=\"attachment-large size-large wp-image-9687\" alt=\"Ser Siempre\" \/>\t\t\t\t\t\t\t\t\t\t\t\t\t\t\t<\/div>\n\t\t\t\t<\/div>\n\t\t\t\t<div class=\"elementor-element elementor-element-50eeb70 elementor-widget elementor-widget-text-editor\" data-id=\"50eeb70\" data-element_type=\"widget\" data-e-type=\"widget\" data-widget_type=\"text-editor.default\">\n\t\t\t\t<div class=\"elementor-widget-container\">\n\t\t\t\t\t\t\t\t\t<p>Titular Sr. Rodolfo Lagorio en los negocios de Tendidos de servicios para urbanizaciones<\/p>\t\t\t\t\t\t\t\t<\/div>\n\t\t\t\t<\/div>\n\t\t\t\t\t\t<\/div>\r\n\t\t\t\t<\/div>\r\n\t\t\t\t\t\t\t\t<\/div>\r\n\t\t\t<\/section>\r\n\t\t\t\t\t<\/div>\n\t\t","protected":false},"excerpt":{"rendered":"<p>En COSENTINO AUTOMACI\u00d3N INDUSTRIAL, contamos con alianzas estrat\u00e9gicas con l\u00edderes del sector. Estas colaboraciones nos permiten ofrecer soluciones de automatizaci\u00f3n industrial de alta calidad, con acceso a tecnolog\u00eda de punta y soporte especializado. As\u00ed, brindamos a nuestros clientes un servicio eficiente y adaptado a sus necesidades para optimizar sus procesos y mejorar su competitividad. Proveedora [&hellip;]<\/p>\n","protected":false},"author":1,"featured_media":0,"parent":0,"menu_order":3,"comment_status":"closed","ping_status":"closed","template":"","meta":{"_joinchat":[],"footnotes":""},"class_list":["post-9677","page","type-page","status-publish","hentry"],"_links":{"self":[{"href":"https:\/\/cosautomacion.com\/nueva\/wp-json\/wp\/v2\/pages\/9677","targetHints":{"allow":["GET"]}}],"collection":[{"href":"https:\/\/cosautomacion.com\/nueva\/wp-json\/wp\/v2\/pages"}],"about":[{"href":"https:\/\/cosautomacion.com\/nueva\/wp-json\/wp\/v2\/types\/page"}],"author":[{"embeddable":true,"href":"https:\/\/cosautomacion.com\/nueva\/wp-json\/wp\/v2\/users\/1"}],"replies":[{"embeddable":true,"href":"https:\/\/cosautomacion.com\/nueva\/wp-json\/wp\/v2\/comments?post=9677"}],"version-history":[{"count":22,"href":"https:\/\/cosautomacion.com\/nueva\/wp-json\/wp\/v2\/pages\/9677\/revisions"}],"predecessor-version":[{"id":9842,"href":"https:\/\/cosautomacion.com\/nueva\/wp-json\/wp\/v2\/pages\/9677\/revisions\/9842"}],"wp:attachment":[{"href":"https:\/\/cosautomacion.com\/nueva\/wp-json\/wp\/v2\/media?parent=9677"}],"curies":[{"name":"wp","href":"https:\/\/api.w.org\/{rel}","templated":true}]}}